{"id":30340,"date":"2021-10-12T15:51:09","date_gmt":"2021-10-12T15:51:09","guid":{"rendered":"https:\/\/lotus.serveurproduction.xyz\/lotus-club\/"},"modified":"2025-10-27T10:46:00","modified_gmt":"2025-10-27T10:46:00","slug":"clubes-nocturnos-de-moda","status":"publish","type":"page","link":"https:\/\/www.lelotusclub.com\/es\/clubes-nocturnos-de-moda\/","title":{"rendered":"LOTUS CLUB"},"content":{"rendered":"\t\t<div data-elementor-type=\"wp-page\" data-elementor-id=\"30340\" class=\"elementor elementor-30340\">\n\t\t\t\t<div class=\"wd-negative-gap elementor-element elementor-element-7c7c544 e-flex e-con-boxed e-con e-parent\" data-id=\"7c7c544\" data-element_type=\"container\">\n\t\t\t\t\t<div class=\"e-con-inner\">\n\t\t<div class=\"elementor-element elementor-element-e7cb5cd e-con-full e-flex e-con e-child\" data-id=\"e7cb5cd\" data-element_type=\"container\">\n\t\t\t\t<div class=\"elementor-element elementor-element-56aec39 elementor-widget elementor-widget-wd_image_or_svg\" data-id=\"56aec39\" data-element_type=\"widget\" data-widget_type=\"wd_image_or_svg.default\">\n\t\t\t\t<div class=\"elementor-widget-container\">\n\t\t\t\t\t\n\t\t<div class=\"wd-image text-center\">\n\t\t\t\t\t\t\t\t<img fetchpriority=\"high\" decoding=\"async\" width=\"580\" height=\"580\" src=\"https:\/\/www.lelotusclub.com\/wp-content\/uploads\/2025\/07\/about-us-5.png\" class=\"attachment-full size-full\" alt=\"Best Nightlife experience in Marrakech\" srcset=\"https:\/\/www.lelotusclub.com\/wp-content\/uploads\/2025\/07\/about-us-5.png 580w, https:\/\/www.lelotusclub.com\/wp-content\/uploads\/2025\/07\/about-us-5-300x300.png 300w, https:\/\/www.lelotusclub.com\/wp-content\/uploads\/2025\/07\/about-us-5-150x150.png 150w, https:\/\/www.lelotusclub.com\/wp-content\/uploads\/2025\/07\/about-us-5-430x430.png 430w\" sizes=\"(max-width: 580px) 100vw, 580px\" \/>\t\t\t\t\t<\/div>\n\n\t\t\t\t\t\t<\/div>\n\t\t\t\t<\/div>\n\t\t\t\t<\/div>\n\t\t<div class=\"elementor-element elementor-element-97d6084 e-con-full e-flex e-con e-child\" data-id=\"97d6084\" data-element_type=\"container\">\n\t\t\t\t<div class=\"elementor-element elementor-element-98d830b wd-width-100 elementor-widget elementor-widget-wd_title\" data-id=\"98d830b\" data-element_type=\"widget\" data-widget_type=\"wd_title.default\">\n\t\t\t\t<div class=\"elementor-widget-container\">\n\t\t\t\t\t\t\t<div class=\"title-wrapper wd-set-mb reset-last-child wd-title-color-primary wd-title-style-default wd-title-size-large text-left\">\n\n\t\t\t\t\t\t\t\t\t\t\t<div class=\"title-subtitle subtitle-color-primary subtitle-style-default wd-fontsize-xs\">\n\t\t\t\t\tLotus club\t\t\t\t<\/div>\n\t\t\t\n\t\t\t<div class=\"liner-continer\">\n\t\t\t\t<h2 class=\"woodmart-title-container title wd-fontsize-xxl\">Clubes nocturnos de moda En Marrakech<\/h2> \n\t\t\t\t\t\t\t<\/div>\n\n\t\t\t\t\t<\/div>\n\t\t\t\t\t\t<\/div>\n\t\t\t\t<\/div>\n\t\t\t\t<div class=\"elementor-element elementor-element-66e47ad elementor-widget elementor-widget-wd_text_block\" data-id=\"66e47ad\" data-element_type=\"widget\" data-widget_type=\"wd_text_block.default\">\n\t\t\t\t<div class=\"elementor-widget-container\">\n\t\t\t\t\t\t\t<div class=\"wd-text-block reset-last-child text-left\">\n\t\t\t\n\t\t\t<p data-start=\"352\" data-end=\"655\">Abierto desde 2009, este ic\u00f3nico destino de vida nocturna en <a style=\"color: white;\" href=\"https:\/\/www.google.com\/maps\/place\/Marrakech\/@31.6346214,-8.0078531,12z\/data=!3m1!4b1!4m6!3m5!1s0xdafee8d96179e51:0x5950b6534f87adb8!8m2!3d31.6225224!4d-7.9898258!16zL20vMDU0cnc?hl=fr&amp;entry=ttu&amp;g_ep=EgoyMDI1MTAxNC4wIKXMDSoASAFQAw%3D%3D\" target=\"_blank\" rel=\"noopener\">Marrakech<\/a>\u00a0es una visita obligada para quienes buscan elegancia y entretenimiento en la Ciudad Roja. Situado en el coraz\u00f3n del barrio de Hivernage, ocupa una villa de los a\u00f1os 30 bellamente restaurada que combina el encanto marroqu\u00ed con el glamour moderno.<\/p><p data-start=\"538\" data-end=\"882\">Es uno de los <strong data-start=\"552\" data-end=\"593\">clubes nocturnos de moda en Marrakech<\/strong>, un lugar encantador donde el entretenimiento en vivo, la alta gastronom\u00eda y las actuaciones art\u00edsticas se unen en perfecta armon\u00eda. Recientemente renovado, el lugar ofrece ahora una experiencia nocturna a\u00fan m\u00e1s inmersiva e inolvidable para quienes desean disfrutar de una noche m\u00e1gica.<\/p><p data-start=\"884\" data-end=\"1171\">Durante la cena, los invitados quedan fascinados por un espectacular <em data-start=\"953\" data-end=\"966\">dinner show<\/em> en Marrakech, con artistas de circo, bailarinas ex\u00f3ticas, m\u00fasicos talentosos y cantantes excepcionales. Cada acto es una expresi\u00f3n creativa que cautiva al p\u00fablico y crea una atm\u00f3sfera m\u00e1gica y elegante.<\/p><p data-start=\"1173\" data-end=\"1402\">M\u00e1s que un restaurante o un club nocturno en Hivernage, es una experiencia de entretenimiento completa en Marrakech, donde cada noche cuenta una historia llena de ritmo, emoci\u00f3n y belleza.<br data-start=\"1361\" data-end=\"1364\" \/>Para m\u00e1s informaci\u00f3n -<a href=\"https:\/\/www.lelotusclub.com\/contact-us\/\">Cont\u00e1ctanos<\/a>-<\/p>\n\t\t\t\t\t<\/div>\n\t\t\t\t\t\t<\/div>\n\t\t\t\t<\/div>\n\t\t\t\t<\/div>\n\t\t\t\t\t<\/div>\n\t\t\t\t<\/div>\n\t\t<div class=\"wd-negative-gap elementor-element elementor-element-0aaf669 wd-section-stretch e-flex e-con-boxed e-con e-parent\" data-id=\"0aaf669\" data-element_type=\"container\" data-settings=\"{&quot;background_background&quot;:&quot;classic&quot;}\">\n\t\t\t\t\t<div class=\"e-con-inner\">\n\t\t<div class=\"elementor-element elementor-element-49529c7 color-scheme-light e-con-full e-flex e-con e-child\" data-id=\"49529c7\" data-element_type=\"container\">\n\t\t\t\t<div class=\"elementor-element elementor-element-95c7bfa elementor-widget__width-initial wd-width-100 elementor-widget elementor-widget-wd_title\" data-id=\"95c7bfa\" data-element_type=\"widget\" data-widget_type=\"wd_title.default\">\n\t\t\t\t<div class=\"elementor-widget-container\">\n\t\t\t\t\t\t\t<div class=\"title-wrapper wd-set-mb reset-last-child wd-title-color-primary wd-title-style-default wd-title-size-large text-center\">\n\n\t\t\t\t\t\t\t\t\t\t\t<div class=\"title-subtitle subtitle-color-primary subtitle-style-default wd-fontsize-xs\">\n\t\t\t\t\tTHE LOTUS CLUB\t\t\t\t<\/div>\n\t\t\t\n\t\t\t<div class=\"liner-continer\">\n\t\t\t\t<h4 class=\"woodmart-title-container title wd-fontsize-xxl\">Where unforgettable moments and captivating performances come together <\/h4> \n\t\t\t\t\t\t\t<\/div>\n\n\t\t\t\t\t<\/div>\n\t\t\t\t\t\t<\/div>\n\t\t\t\t<\/div>\n\t\t\t\t<\/div>\n\t\t\t\t\t<\/div>\n\t\t\t\t<\/div>\n\t\t\t\t<\/div>\n\t\t","protected":false},"excerpt":{"rendered":"<p>Lotus club Clubes nocturnos de moda En Marrakech Abierto desde 2009, este ic\u00f3nico destino de vida nocturna en Marrakech\u00a0es una<\/p>\n","protected":false},"author":1,"featured_media":30276,"parent":0,"menu_order":0,"comment_status":"closed","ping_status":"closed","template":"","meta":{"footnotes":""},"class_list":["post-30340","page","type-page","status-publish","has-post-thumbnail","hentry"],"_links":{"self":[{"href":"https:\/\/www.lelotusclub.com\/es\/wp-json\/wp\/v2\/pages\/30340","targetHints":{"allow":["GET"]}}],"collection":[{"href":"https:\/\/www.lelotusclub.com\/es\/wp-json\/wp\/v2\/pages"}],"about":[{"href":"https:\/\/www.lelotusclub.com\/es\/wp-json\/wp\/v2\/types\/page"}],"author":[{"embeddable":true,"href":"https:\/\/www.lelotusclub.com\/es\/wp-json\/wp\/v2\/users\/1"}],"replies":[{"embeddable":true,"href":"https:\/\/www.lelotusclub.com\/es\/wp-json\/wp\/v2\/comments?post=30340"}],"version-history":[{"count":0,"href":"https:\/\/www.lelotusclub.com\/es\/wp-json\/wp\/v2\/pages\/30340\/revisions"}],"wp:featuredmedia":[{"embeddable":true,"href":"https:\/\/www.lelotusclub.com\/es\/wp-json\/wp\/v2\/media\/30276"}],"wp:attachment":[{"href":"https:\/\/www.lelotusclub.com\/es\/wp-json\/wp\/v2\/media?parent=30340"}],"curies":[{"name":"wp","href":"https:\/\/api.w.org\/{rel}","templated":true}]}}