{"id":30387,"date":"2025-07-16T09:56:39","date_gmt":"2025-07-16T09:56:39","guid":{"rendered":"https:\/\/lotus.serveurproduction.xyz\/music\/"},"modified":"2025-10-22T14:53:03","modified_gmt":"2025-10-22T14:53:03","slug":"discoteca-de-marrakech","status":"publish","type":"page","link":"https:\/\/www.lelotusclub.com\/es\/discoteca-de-marrakech\/","title":{"rendered":"MUSIC"},"content":{"rendered":"\t\t<div data-elementor-type=\"wp-page\" data-elementor-id=\"30387\" class=\"elementor elementor-30387\">\n\t\t\t\t<div class=\"wd-negative-gap elementor-element elementor-element-90e0596 e-flex e-con-boxed e-con e-parent\" data-id=\"90e0596\" data-element_type=\"container\">\n\t\t\t\t\t<div class=\"e-con-inner\">\n\t\t<div class=\"elementor-element elementor-element-c21d97a e-con-full e-flex e-con e-child\" data-id=\"c21d97a\" data-element_type=\"container\">\n\t\t\t\t<div class=\"elementor-element elementor-element-750d9d5 elementor-widget elementor-widget-shortcode\" data-id=\"750d9d5\" data-element_type=\"widget\" data-widget_type=\"shortcode.default\">\n\t\t\t\t<div class=\"elementor-widget-container\">\n\t\t\t\t\t\t\t<div class=\"elementor-shortcode\"><iframe data-testid=\"embed-iframe\" style=\"border-radius:12px\" src=\"https:\/\/open.spotify.com\/embed\/playlist\/7uNGDUOqHmU49YOAN6P4jM?utm_source=generator&theme=0\" width=\"100%\" height=\"400\" frameBorder=\"0\" allowfullscreen=\"\" allow=\"autoplay; clipboard-write; encrypted-media; fullscreen; picture-in-picture\" loading=\"lazy\"><\/iframe><\/div>\n\t\t\t\t\t\t<\/div>\n\t\t\t\t<\/div>\n\t\t\t\t<\/div>\n\t\t<div class=\"elementor-element elementor-element-d71e885 e-con-full e-flex e-con e-child\" data-id=\"d71e885\" data-element_type=\"container\">\n\t\t\t\t<div class=\"elementor-element elementor-element-aea38a8 wd-width-100 elementor-widget elementor-widget-wd_title\" data-id=\"aea38a8\" data-element_type=\"widget\" data-widget_type=\"wd_title.default\">\n\t\t\t\t<div class=\"elementor-widget-container\">\n\t\t\t\t\t\t\t<div class=\"title-wrapper wd-set-mb reset-last-child wd-title-color-primary wd-title-style-default wd-title-size-large text-left\">\n\n\t\t\t\t\t\t\t\t\t\t\t<div class=\"title-subtitle subtitle-color-primary subtitle-style-default wd-fontsize-xs\">\n\t\t\t\t\tEl sonido de Lotus Club\t\t\t\t<\/div>\n\t\t\t\n\t\t\t<div class=\"liner-continer\">\n\t\t\t\t<h2 class=\"woodmart-title-container title wd-fontsize-xxl\">Discoteca de Marrakech \u2014  Lotus Club<\/h2> \n\t\t\t\t\t\t\t<\/div>\n\n\t\t\t\t\t<\/div>\n\t\t\t\t\t\t<\/div>\n\t\t\t\t<\/div>\n\t\t\t\t<div class=\"elementor-element elementor-element-86f753f elementor-widget elementor-widget-wd_text_block\" data-id=\"86f753f\" data-element_type=\"widget\" data-widget_type=\"wd_text_block.default\">\n\t\t\t\t<div class=\"elementor-widget-container\">\n\t\t\t\t\t\t\t<div class=\"wd-text-block reset-last-child text-left\">\n\t\t\t\n\t\t\t<p data-start=\"714\" data-end=\"947\">En Lotus Club\u00a0<a style=\"color: white;\" href=\"https:\/\/www.google.com\/maps\/place\/Marrakech\/@31.6346214,-8.0078531,12z\/data=!3m1!4b1!4m6!3m5!1s0xdafee8d96179e51:0x5950b6534f87adb8!8m2!3d31.6225224!4d-7.9898258!16zL20vMDU0cnc?hl=fr&amp;entry=ttu&amp;g_ep=EgoyMDI1MTAxNC4wIKXMDSoASAFQAw%3D%3D\" target=\"_blank\" rel=\"noopener\">Marrakech<\/a>, la m\u00fasica es el coraz\u00f3n de cada noche. Nuestros DJs residentes e invitados crean una experiencia nocturna inolvidable en la mejor discoteca de la ciudad ocre , combinando Afro House, ritmos Gnawa y beats globales cautivadores.<\/p><p data-start=\"1265\" data-end=\"1555\">Cada pista se selecciona cuidadosamente para capturar el esp\u00edritu de la ciudad: una fusi\u00f3n entre el alma marroqu\u00ed y la energ\u00eda internacional. Desde cenas \u00edntimas hasta momentos de baile llenos de energ\u00eda, el sonido de Lotus Club define lo que hace \u00fanica la vida nocturna de Marrakech.<\/p><p data-start=\"1562\" data-end=\"1913\">Sum\u00e9rgete en nuestra playlist exclusiva y descubre por qu\u00e9 Lotus Club Marrakech es reconocido como uno de los mejores destinos de m\u00fasica DJ en Marrakech. Ya sea que busques una noche VIP, una fiesta vibrante o un DJ set que te haga bailar toda la noche, lo encontrar\u00e1s aqu\u00ed \u2014 En <a style=\"color: white;\" href=\"https:\/\/www.lelotusclub.com\/lotus-club\/\">Lotus Club Marrakech, <\/a>la mejor discoteca de Marrakech.<\/p>\n\t\t\t\t\t<\/div>\n\t\t\t\t\t\t<\/div>\n\t\t\t\t<\/div>\n\t\t\t\t<\/div>\n\t\t\t\t\t<\/div>\n\t\t\t\t<\/div>\n\t\t\t\t<\/div>\n\t\t","protected":false},"excerpt":{"rendered":"<p>El sonido de Lotus Club Discoteca de Marrakech \u2014 Lotus Club En Lotus Club\u00a0Marrakech, la m\u00fasica es el coraz\u00f3n de<\/p>\n","protected":false},"author":1,"featured_media":30262,"parent":0,"menu_order":0,"comment_status":"closed","ping_status":"closed","template":"","meta":{"footnotes":""},"class_list":["post-30387","page","type-page","status-publish","has-post-thumbnail","hentry"],"_links":{"self":[{"href":"https:\/\/www.lelotusclub.com\/es\/wp-json\/wp\/v2\/pages\/30387","targetHints":{"allow":["GET"]}}],"collection":[{"href":"https:\/\/www.lelotusclub.com\/es\/wp-json\/wp\/v2\/pages"}],"about":[{"href":"https:\/\/www.lelotusclub.com\/es\/wp-json\/wp\/v2\/types\/page"}],"author":[{"embeddable":true,"href":"https:\/\/www.lelotusclub.com\/es\/wp-json\/wp\/v2\/users\/1"}],"replies":[{"embeddable":true,"href":"https:\/\/www.lelotusclub.com\/es\/wp-json\/wp\/v2\/comments?post=30387"}],"version-history":[{"count":0,"href":"https:\/\/www.lelotusclub.com\/es\/wp-json\/wp\/v2\/pages\/30387\/revisions"}],"wp:featuredmedia":[{"embeddable":true,"href":"https:\/\/www.lelotusclub.com\/es\/wp-json\/wp\/v2\/media\/30262"}],"wp:attachment":[{"href":"https:\/\/www.lelotusclub.com\/es\/wp-json\/wp\/v2\/media?parent=30387"}],"curies":[{"name":"wp","href":"https:\/\/api.w.org\/{rel}","templated":true}]}}