{"id":30339,"date":"2021-10-12T15:51:09","date_gmt":"2021-10-12T15:51:09","guid":{"rendered":"https:\/\/lotus.serveurproduction.xyz\/lotus-club\/"},"modified":"2025-10-22T16:48:37","modified_gmt":"2025-10-22T16:48:37","slug":"la-meilleure-boite-de-nuit-a-marrakech","status":"publish","type":"page","link":"https:\/\/www.lelotusclub.com\/fr\/la-meilleure-boite-de-nuit-a-marrakech\/","title":{"rendered":"LOTUS CLUB"},"content":{"rendered":"\t\t<div data-elementor-type=\"wp-page\" data-elementor-id=\"30339\" class=\"elementor elementor-30339\">\n\t\t\t\t<div class=\"wd-negative-gap elementor-element elementor-element-7c7c544 e-flex e-con-boxed e-con e-parent\" data-id=\"7c7c544\" data-element_type=\"container\">\n\t\t\t\t\t<div class=\"e-con-inner\">\n\t\t<div class=\"elementor-element elementor-element-e7cb5cd e-con-full e-flex e-con e-child\" data-id=\"e7cb5cd\" data-element_type=\"container\">\n\t\t\t\t<div class=\"elementor-element elementor-element-56aec39 elementor-widget elementor-widget-wd_image_or_svg\" data-id=\"56aec39\" data-element_type=\"widget\" data-widget_type=\"wd_image_or_svg.default\">\n\t\t\t\t<div class=\"elementor-widget-container\">\n\t\t\t\t\t\n\t\t<div class=\"wd-image text-center\">\n\t\t\t\t\t\t\t\t<img fetchpriority=\"high\" decoding=\"async\" width=\"580\" height=\"580\" src=\"https:\/\/www.lelotusclub.com\/wp-content\/uploads\/2025\/07\/about-us-5.png\" class=\"attachment-full size-full\" alt=\"Best Nightlife experience in Marrakech\" srcset=\"https:\/\/www.lelotusclub.com\/wp-content\/uploads\/2025\/07\/about-us-5.png 580w, https:\/\/www.lelotusclub.com\/wp-content\/uploads\/2025\/07\/about-us-5-300x300.png 300w, https:\/\/www.lelotusclub.com\/wp-content\/uploads\/2025\/07\/about-us-5-150x150.png 150w, https:\/\/www.lelotusclub.com\/wp-content\/uploads\/2025\/07\/about-us-5-430x430.png 430w\" sizes=\"(max-width: 580px) 100vw, 580px\" \/>\t\t\t\t\t<\/div>\n\n\t\t\t\t\t\t<\/div>\n\t\t\t\t<\/div>\n\t\t\t\t<\/div>\n\t\t<div class=\"elementor-element elementor-element-97d6084 e-con-full e-flex e-con e-child\" data-id=\"97d6084\" data-element_type=\"container\">\n\t\t\t\t<div class=\"elementor-element elementor-element-98d830b wd-width-100 elementor-widget elementor-widget-wd_title\" data-id=\"98d830b\" data-element_type=\"widget\" data-widget_type=\"wd_title.default\">\n\t\t\t\t<div class=\"elementor-widget-container\">\n\t\t\t\t\t\t\t<div class=\"title-wrapper wd-set-mb reset-last-child wd-title-color-primary wd-title-style-default wd-title-size-large text-left\">\n\n\t\t\t\t\t\t\t\t\t\t\t<div class=\"title-subtitle subtitle-color-primary subtitle-style-default wd-fontsize-xs\">\n\t\t\t\t\tLe Lotus club\t\t\t\t<\/div>\n\t\t\t\n\t\t\t<div class=\"liner-continer\">\n\t\t\t\t<h2 class=\"woodmart-title-container title wd-fontsize-xxl\">La meilleure Boite de nuit \u00e0 Marrakech<\/h2> \n\t\t\t\t\t\t\t<\/div>\n\n\t\t\t\t\t<\/div>\n\t\t\t\t\t\t<\/div>\n\t\t\t\t<\/div>\n\t\t\t\t<div class=\"elementor-element elementor-element-66e47ad elementor-widget elementor-widget-wd_text_block\" data-id=\"66e47ad\" data-element_type=\"widget\" data-widget_type=\"wd_text_block.default\">\n\t\t\t\t<div class=\"elementor-widget-container\">\n\t\t\t\t\t\t\t<div class=\"wd-text-block reset-last-child text-left\">\n\t\t\t\n\t\t\t<p data-start=\"352\" data-end=\"655\">Ouvert depuis 2009, le <strong data-start=\"801\" data-end=\"825\">Lotus Club <\/strong><a style=\"color: white;\" href=\"https:\/\/www.google.com\/maps\/place\/Marrakech\/@31.6346214,-8.0078531,12z\/data=!3m1!4b1!4m6!3m5!1s0xdafee8d96179e51:0x5950b6534f87adb8!8m2!3d31.6225224!4d-7.9898258!16zL20vMDU0cnc?hl=fr&amp;entry=ttu&amp;g_ep=EgoyMDI1MTAxNC4wIKXMDSoASAFQAw%3D%3D\" target=\"_blank\" rel=\"noopener\">Marrakech <\/a>est la meilleur boite de nuit <strong data-start=\"857\" data-end=\"885\">\u00e0 Marrakech<\/strong> une adresse iconique de la <strong data-start=\"857\" data-end=\"885\">vie nocturne <\/strong>. Situ\u00e9 au c\u0153ur du prestigieux quartier de l\u2019<strong data-start=\"930\" data-end=\"943\">Hivernage<\/strong>, le club prend place dans une somptueuse villa des ann\u00e9es 1930, alliant charme marocain et glamour contemporain.<\/p><p data-start=\"1060\" data-end=\"1371\">C\u2019est un lieu envo\u00fbtant o\u00f9 se m\u00ealent <strong data-start=\"1097\" data-end=\"1128\">spectacles live \u00e0 Marrakech<\/strong>, <strong data-start=\"1130\" data-end=\"1154\">gastronomie raffin\u00e9e<\/strong> et <strong data-start=\"1158\" data-end=\"1186\">performances artistiques<\/strong>. Enti\u00e8rement repens\u00e9 r\u00e9cemment, le Lotus Club offre d\u00e9sormais une exp\u00e9rience encore plus immersive et m\u00e9morable pour tous ceux qui recherchent une <strong data-start=\"1334\" data-end=\"1368\">soir\u00e9e inoubliable \u00e0 Marrakech<\/strong>.<\/p><p data-start=\"1373\" data-end=\"1724\">Pendant le d\u00eener, les convives assistent \u00e0 un <strong data-start=\"1419\" data-end=\"1450\">d\u00eener-spectacle \u00e0 Marrakech<\/strong> exceptionnel, mettant en sc\u00e8ne <strong data-start=\"1482\" data-end=\"1495\">acrobates<\/strong>, <strong data-start=\"1497\" data-end=\"1521\">danseuses orientales<\/strong>, <strong data-start=\"1523\" data-end=\"1547\">musiciens talentueux<\/strong> et <strong data-start=\"1551\" data-end=\"1576\">chanteurs d\u2019exception<\/strong>. Chaque num\u00e9ro est une v\u00e9ritable cr\u00e9ation artistique qui captive le public et plonge la salle dans une ambiance <strong data-start=\"1689\" data-end=\"1721\">magique, \u00e9l\u00e9gante et festive<\/strong>.<\/p><p data-start=\"1726\" data-end=\"1960\">Bien plus qu\u2019un simple <strong data-start=\"1749\" data-end=\"1763\">restaurant<\/strong> ou <strong data-start=\"1767\" data-end=\"1793\">night-club \u00e0 Marrakech<\/strong>, le <strong data-start=\"1798\" data-end=\"1812\">Lotus Club<\/strong> est une exp\u00e9rience compl\u00e8te de <strong data-start=\"1844\" data-end=\"1871\">divertissement nocturne<\/strong>, o\u00f9 chaque soir\u00e9e raconte une histoire rythm\u00e9e par l\u2019\u00e9motion, la musique et la beaut\u00e9. Pour plus d\u2019informations &lt;br&gt;- <a style=\"color: white;\" href=\"https:\/\/www.lelotusclub.com\/contact-us\/\">Contactez Nous<\/a>-<\/p>\n\t\t\t\t\t<\/div>\n\t\t\t\t\t\t<\/div>\n\t\t\t\t<\/div>\n\t\t\t\t<\/div>\n\t\t\t\t\t<\/div>\n\t\t\t\t<\/div>\n\t\t<div class=\"wd-negative-gap elementor-element elementor-element-0aaf669 wd-section-stretch e-flex e-con-boxed e-con e-parent\" data-id=\"0aaf669\" data-element_type=\"container\" data-settings=\"{&quot;background_background&quot;:&quot;classic&quot;}\">\n\t\t\t\t\t<div class=\"e-con-inner\">\n\t\t<div class=\"elementor-element elementor-element-49529c7 color-scheme-light e-con-full e-flex e-con e-child\" data-id=\"49529c7\" data-element_type=\"container\">\n\t\t\t\t<div class=\"elementor-element elementor-element-95c7bfa elementor-widget__width-initial wd-width-100 elementor-widget elementor-widget-wd_title\" data-id=\"95c7bfa\" data-element_type=\"widget\" data-widget_type=\"wd_title.default\">\n\t\t\t\t<div class=\"elementor-widget-container\">\n\t\t\t\t\t\t\t<div class=\"title-wrapper wd-set-mb reset-last-child wd-title-color-primary wd-title-style-default wd-title-size-large text-center\">\n\n\t\t\t\t\t\t\t\t\t\t\t<div class=\"title-subtitle subtitle-color-primary subtitle-style-default wd-fontsize-xs\">\n\t\t\t\t\tTHE LOTUS CLUB\t\t\t\t<\/div>\n\t\t\t\n\t\t\t<div class=\"liner-continer\">\n\t\t\t\t<h4 class=\"woodmart-title-container title wd-fontsize-xxl\">Where unforgettable moments and captivating performances come together <\/h4> \n\t\t\t\t\t\t\t<\/div>\n\n\t\t\t\t\t<\/div>\n\t\t\t\t\t\t<\/div>\n\t\t\t\t<\/div>\n\t\t\t\t<\/div>\n\t\t\t\t\t<\/div>\n\t\t\t\t<\/div>\n\t\t\t\t<\/div>\n\t\t","protected":false},"excerpt":{"rendered":"<p>Le Lotus club La meilleure Boite de nuit \u00e0 Marrakech Ouvert depuis 2009, le Lotus Club Marrakech est la meilleur<\/p>\n","protected":false},"author":1,"featured_media":30185,"parent":0,"menu_order":0,"comment_status":"closed","ping_status":"closed","template":"","meta":{"footnotes":""},"class_list":["post-30339","page","type-page","status-publish","has-post-thumbnail","hentry"],"_links":{"self":[{"href":"https:\/\/www.lelotusclub.com\/fr\/wp-json\/wp\/v2\/pages\/30339","targetHints":{"allow":["GET"]}}],"collection":[{"href":"https:\/\/www.lelotusclub.com\/fr\/wp-json\/wp\/v2\/pages"}],"about":[{"href":"https:\/\/www.lelotusclub.com\/fr\/wp-json\/wp\/v2\/types\/page"}],"author":[{"embeddable":true,"href":"https:\/\/www.lelotusclub.com\/fr\/wp-json\/wp\/v2\/users\/1"}],"replies":[{"embeddable":true,"href":"https:\/\/www.lelotusclub.com\/fr\/wp-json\/wp\/v2\/comments?post=30339"}],"version-history":[{"count":0,"href":"https:\/\/www.lelotusclub.com\/fr\/wp-json\/wp\/v2\/pages\/30339\/revisions"}],"wp:featuredmedia":[{"embeddable":true,"href":"https:\/\/www.lelotusclub.com\/fr\/wp-json\/wp\/v2\/media\/30185"}],"wp:attachment":[{"href":"https:\/\/www.lelotusclub.com\/fr\/wp-json\/wp\/v2\/media?parent=30339"}],"curies":[{"name":"wp","href":"https:\/\/api.w.org\/{rel}","templated":true}]}}