{"id":30386,"date":"2025-07-16T09:56:39","date_gmt":"2025-07-16T09:56:39","guid":{"rendered":"https:\/\/lotus.serveurproduction.xyz\/music\/"},"modified":"2025-10-22T14:24:26","modified_gmt":"2025-10-22T14:24:26","slug":"boite-de-nuit-de-marrakech","status":"publish","type":"page","link":"https:\/\/www.lelotusclub.com\/fr\/boite-de-nuit-de-marrakech\/","title":{"rendered":"MUSIC"},"content":{"rendered":"\t\t<div data-elementor-type=\"wp-page\" data-elementor-id=\"30386\" class=\"elementor elementor-30386\">\n\t\t\t\t<div class=\"wd-negative-gap elementor-element elementor-element-90e0596 e-flex e-con-boxed e-con e-parent\" data-id=\"90e0596\" data-element_type=\"container\">\n\t\t\t\t\t<div class=\"e-con-inner\">\n\t\t<div class=\"elementor-element elementor-element-c21d97a e-con-full e-flex e-con e-child\" data-id=\"c21d97a\" data-element_type=\"container\">\n\t\t\t\t<div class=\"elementor-element elementor-element-750d9d5 elementor-widget elementor-widget-shortcode\" data-id=\"750d9d5\" data-element_type=\"widget\" data-widget_type=\"shortcode.default\">\n\t\t\t\t<div class=\"elementor-widget-container\">\n\t\t\t\t\t\t\t<div class=\"elementor-shortcode\"><iframe data-testid=\"embed-iframe\" style=\"border-radius:12px\" src=\"https:\/\/open.spotify.com\/embed\/playlist\/7uNGDUOqHmU49YOAN6P4jM?utm_source=generator&theme=0\" width=\"100%\" height=\"400\" frameBorder=\"0\" allowfullscreen=\"\" allow=\"autoplay; clipboard-write; encrypted-media; fullscreen; picture-in-picture\" loading=\"lazy\"><\/iframe><\/div>\n\t\t\t\t\t\t<\/div>\n\t\t\t\t<\/div>\n\t\t\t\t<\/div>\n\t\t<div class=\"elementor-element elementor-element-d71e885 e-con-full e-flex e-con e-child\" data-id=\"d71e885\" data-element_type=\"container\">\n\t\t\t\t<div class=\"elementor-element elementor-element-aea38a8 wd-width-100 elementor-widget elementor-widget-wd_title\" data-id=\"aea38a8\" data-element_type=\"widget\" data-widget_type=\"wd_title.default\">\n\t\t\t\t<div class=\"elementor-widget-container\">\n\t\t\t\t\t\t\t<div class=\"title-wrapper wd-set-mb reset-last-child wd-title-color-primary wd-title-style-default wd-title-size-large text-left\">\n\n\t\t\t\t\t\t\t\t\t\t\t<div class=\"title-subtitle subtitle-color-primary subtitle-style-default wd-fontsize-xs\">\n\t\t\t\t\tLe son du Lotus Club\t\t\t\t<\/div>\n\t\t\t\n\t\t\t<div class=\"liner-continer\">\n\t\t\t\t<h2 class=\"woodmart-title-container title wd-fontsize-xxl\">La Meilleur Boite de nuit de Marrakech \u2014 Lotus Club<\/h2> \n\t\t\t\t\t\t\t<\/div>\n\n\t\t\t\t\t<\/div>\n\t\t\t\t\t\t<\/div>\n\t\t\t\t<\/div>\n\t\t\t\t<div class=\"elementor-element elementor-element-86f753f elementor-widget elementor-widget-wd_text_block\" data-id=\"86f753f\" data-element_type=\"widget\" data-widget_type=\"wd_text_block.default\">\n\t\t\t\t<div class=\"elementor-widget-container\">\n\t\t\t\t\t\t\t<div class=\"wd-text-block reset-last-child text-left\">\n\t\t\t\n\t\t\t<p data-start=\"714\" data-end=\"947\">Au <strong data-start=\"1128\" data-end=\"1152\">Lotus Club<\/strong>\u00a0\u00a0<a style=\"color: white;\" href=\"https:\/\/www.google.com\/maps\/place\/Marrakech\/@31.6346214,-8.0078531,12z\/data=!3m1!4b1!4m6!3m5!1s0xdafee8d96179e51:0x5950b6534f87adb8!8m2!3d31.6225224!4d-7.9898258!16zL20vMDU0cnc?hl=fr&amp;entry=ttu&amp;g_ep=EgoyMDI1MTAxNC4wIKXMDSoASAFQAw%3D%3D\" target=\"_blank\" rel=\"noopener\"><strong>Marrakech<\/strong><\/a>, la musique est le c\u0153ur battant de chaque nuit. Nos DJs r\u00e9sidents et invit\u00e9s cr\u00e9ent une exp\u00e9rience nocturne inoubliable dans la <strong data-start=\"1281\" data-end=\"1321\">ville ocre du Maroc<\/strong>, m\u00ealant <strong data-start=\"1330\" data-end=\"1344\">Afro House<\/strong>, rythmes <strong data-start=\"1354\" data-end=\"1363\">Gnawa<\/strong> et sons du monde captivants.<\/p><p data-start=\"1401\" data-end=\"1692\">Chaque morceau est soigneusement choisi pour capturer l\u2019esprit de la ville \u2014 une fusion d\u2019\u00e2me marocaine et d\u2019\u00e9nergie internationale. Des d\u00eeners intimistes aux moments de danse les plus intenses, Nos son incarne tout ce qui fait la magie de la <strong data-start=\"1661\" data-end=\"1689\">vie nocturne \u00e0 Marrakech<\/strong>.<\/p><p data-start=\"1699\" data-end=\"2040\">Plongez dans notre playlist exclusive et d\u00e9couvrez pourquoi <strong data-start=\"1759\" data-end=\"1783\">Lotus Club Marrakech<\/strong> est reconnu comme la r\u00e9f\u00e9rence en <strong data-start=\"1818\" data-end=\"1844\">musique DJ \u00e0 Marrakech<\/strong>. Que vous recherchiez une soir\u00e9e VIP, une f\u00eate vibrante ou un DJ set qui vous fera danser toute la nuit, tout est ici.\u2014 Au <strong><a style=\"color: white;\" href=\"https:\/\/www.lelotusclub.com\/lotus-club\/\">Lotus Club Marrakech<\/a>.<\/strong><\/p>\n\t\t\t\t\t<\/div>\n\t\t\t\t\t\t<\/div>\n\t\t\t\t<\/div>\n\t\t\t\t<\/div>\n\t\t\t\t\t<\/div>\n\t\t\t\t<\/div>\n\t\t\t\t<\/div>\n\t\t","protected":false},"excerpt":{"rendered":"<p>Le son du Lotus Club La Meilleur Boite de nuit de Marrakech \u2014 Lotus Club Au Lotus Club\u00a0\u00a0Marrakech, la musique<\/p>\n","protected":false},"author":1,"featured_media":30259,"parent":0,"menu_order":0,"comment_status":"closed","ping_status":"closed","template":"","meta":{"footnotes":""},"class_list":["post-30386","page","type-page","status-publish","has-post-thumbnail","hentry"],"_links":{"self":[{"href":"https:\/\/www.lelotusclub.com\/fr\/wp-json\/wp\/v2\/pages\/30386","targetHints":{"allow":["GET"]}}],"collection":[{"href":"https:\/\/www.lelotusclub.com\/fr\/wp-json\/wp\/v2\/pages"}],"about":[{"href":"https:\/\/www.lelotusclub.com\/fr\/wp-json\/wp\/v2\/types\/page"}],"author":[{"embeddable":true,"href":"https:\/\/www.lelotusclub.com\/fr\/wp-json\/wp\/v2\/users\/1"}],"replies":[{"embeddable":true,"href":"https:\/\/www.lelotusclub.com\/fr\/wp-json\/wp\/v2\/comments?post=30386"}],"version-history":[{"count":0,"href":"https:\/\/www.lelotusclub.com\/fr\/wp-json\/wp\/v2\/pages\/30386\/revisions"}],"wp:featuredmedia":[{"embeddable":true,"href":"https:\/\/www.lelotusclub.com\/fr\/wp-json\/wp\/v2\/media\/30259"}],"wp:attachment":[{"href":"https:\/\/www.lelotusclub.com\/fr\/wp-json\/wp\/v2\/media?parent=30386"}],"curies":[{"name":"wp","href":"https:\/\/api.w.org\/{rel}","templated":true}]}}